{"id":9,"date":"2025-09-04T10:08:10","date_gmt":"2025-09-04T10:08:10","guid":{"rendered":"https:\/\/tiemhoatuyen.com\/?page_id=9"},"modified":"2025-09-04T13:36:53","modified_gmt":"2025-09-04T13:36:53","slug":"gio-hang","status":"publish","type":"page","link":"https:\/\/tiemhoatuyen.com\/?page_id=9","title":{"rendered":"Gi\u1ecf h\u00e0ng"},"content":{"rendered":"\n<div data-block-name=\"woocommerce\/cart\" class=\"wp-block-woocommerce-cart alignwide is-loading\">\n<div data-block-name=\"woocommerce\/filled-cart-block\" class=\"wp-block-woocommerce-filled-cart-block\">\n<div data-block-name=\"woocommerce\/cart-items-block\" class=\"wp-block-woocommerce-cart-items-block\">\n<div data-block-name=\"woocommerce\/cart-line-items-block\" class=\"wp-block-woocommerce-cart-line-items-block\"><\/div>\n\n\n\n<div data-block-name=\"woocommerce\/cart-cross-sells-block\" class=\"wp-block-woocommerce-cart-cross-sells-block\">\n<h2 class=\"wp-block-heading has-large-font-size\">B\u1ea1n c\u00f3 th\u1ec3 quan t\u00e2m \u0111\u1ebfn\u2026<\/h2>\n\n\n\n<div data-block-name=\"woocommerce\/cart-cross-sells-products-block\" class=\"wp-block-woocommerce-cart-cross-sells-products-block\"><\/div>\n<\/div>\n<\/div>\n\n\n\n<div data-block-name=\"woocommerce\/cart-totals-block\" class=\"wp-block-woocommerce-cart-totals-block\">\n<div data-block-name=\"woocommerce\/cart-order-summary-block\" class=\"wp-block-woocommerce-cart-order-summary-block\">\n<div data-block-name=\"woocommerce\/cart-order-summary-heading-block\" class=\"wp-block-woocommerce-cart-order-summary-heading-block\"><\/div><div data-block-name=\"woocommerce\/cart-order-summary-coupon-form-block\" class=\"wp-block-woocommerce-cart-order-summary-coupon-form-block\"><\/div><div data-block-name=\"woocommerce\/cart-order-summary-totals-block\" class=\"wp-block-woocommerce-cart-order-summary-totals-block\">\n<div data-block-name=\"woocommerce\/cart-order-summary-subtotal-block\" class=\"wp-block-woocommerce-cart-order-summary-subtotal-block\"><\/div>\n<div data-block-name=\"woocommerce\/cart-order-summary-discount-block\" class=\"wp-block-woocommerce-cart-order-summary-discount-block\"><\/div>\n<div data-block-name=\"woocommerce\/cart-order-summary-fee-block\" class=\"wp-block-woocommerce-cart-order-summary-fee-block\"><\/div>\n<div data-block-name=\"woocommerce\/cart-order-summary-shipping-block\" class=\"wp-block-woocommerce-cart-order-summary-shipping-block\"><\/div>\n<div data-block-name=\"woocommerce\/cart-order-summary-taxes-block\" class=\"wp-block-woocommerce-cart-order-summary-taxes-block\"><\/div><\/div>\n<\/div>\n\n\n\n<div data-block-name=\"woocommerce\/cart-express-payment-block\" class=\"wp-block-woocommerce-cart-express-payment-block\"><\/div>\n\n\n\n<div data-block-name=\"woocommerce\/proceed-to-checkout-block\" class=\"wp-block-woocommerce-proceed-to-checkout-block\"><\/div>\n\n\n\n<div data-block-name=\"woocommerce\/cart-accepted-payment-methods-block\" class=\"wp-block-woocommerce-cart-accepted-payment-methods-block\"><\/div>\n<\/div>\n<\/div>\n\n\n\n<div data-block-name=\"woocommerce\/empty-cart-block\" class=\"wp-block-woocommerce-empty-cart-block\">\n<h2 class=\"wp-block-heading has-text-align-center with-empty-cart-icon wc-block-cart__empty-cart__title\">Gi\u1ecf h\u00e0ng hi\u1ec7n t\u1ea1i ch\u01b0a c\u00f3 s\u1ea3n ph\u1ea9m n\u00e0o!<\/h2>\n\n\n\n<hr class=\"wp-block-separator has-alpha-channel-opacity is-style-dots\"\/>\n\n\n\n<h2 class=\"wp-block-heading has-text-align-center\">M\u1edbi trong c\u1eeda h\u00e0ng<\/h2>\n\n\n<div data-block-name=\"woocommerce\/product-new\" data-columns=\"4\" data-rows=\"1\" class=\"wc-block-grid wp-block-product-new wp-block-woocommerce-product-new wc-block-product-new has-4-columns\"><ul class=\"wc-block-grid__products\"><li class=\"wc-block-grid__product\">\n\t\t\t\t<a href=\"https:\/\/tiemhoatuyen.com\/?product=blossom-bliss-bouquet-01\" class=\"wc-block-grid__product-link\">\n\t\t\t\t\t\n\t\t\t\t\t<div class=\"wc-block-grid__product-image\"><img decoding=\"async\" width=\"171\" height=\"169\" src=\"https:\/\/tiemhoatuyen.com\/wp-content\/uploads\/2025\/09\/Blossom-Bliss-Bouquet-01.png\" class=\"attachment-woocommerce_thumbnail size-woocommerce_thumbnail\" alt=\"Hoa h\u1ed3ng lo\u1ea1i nh\u1ea5t\" srcset=\"https:\/\/tiemhoatuyen.com\/wp-content\/uploads\/2025\/09\/Blossom-Bliss-Bouquet-01.png 171w, https:\/\/tiemhoatuyen.com\/wp-content\/uploads\/2025\/09\/Blossom-Bliss-Bouquet-01-100x100.png 100w\" sizes=\"(max-width: 171px) 100vw, 171px\" \/><\/div>\n\t\t\t\t\t<div class=\"wc-block-grid__product-title\">Hoa h\u1ed3ng lo\u1ea1i nh\u1ea5t<\/div>\n\t\t\t\t<\/a>\n\t\t\t\t<div class=\"wc-block-grid__product-price price\"><span class=\"woocommerce-Price-amount amount\"><span class=\"woocommerce-Price-currencySymbol\">&#8363;<\/span>20.000<\/span><\/div>\n\t\t\t\t\n\t\t\t\t<div class=\"wp-block-button wc-block-grid__product-add-to-cart\"><a href=\"\/index.php?rest_route=%2Fwp%2Fv2%2Fpages%2F9&#038;add-to-cart=114\" aria-label=\"Th\u00eam v\u00e0o gi\u1ecf h\u00e0ng: &ldquo;Hoa h\u1ed3ng lo\u1ea1i nh\u1ea5t&rdquo;\" data-quantity=\"1\" data-product_id=\"114\" data-product_sku=\"\" data-price=\"20000\" rel=\"nofollow\" class=\"wp-block-button__link  add_to_cart_button ajax_add_to_cart\">Th\u00eam v\u00e0o gi\u1ecf h\u00e0ng<\/a><\/div>\n\t\t\t<\/li><li class=\"wc-block-grid__product\">\n\t\t\t\t<a href=\"https:\/\/tiemhoatuyen.com\/?product=linh-lang-xin-hang-nhap\" class=\"wc-block-grid__product-link\">\n\t\t\t\t\t\n\t\t\t\t\t<div class=\"wc-block-grid__product-image\"><img fetchpriority=\"high\" decoding=\"async\" width=\"300\" height=\"300\" src=\"https:\/\/tiemhoatuyen.com\/wp-content\/uploads\/2025\/09\/z6968952091376_00f5ea5591bcf6499cb6e35ff0584eba-300x300.jpg\" class=\"attachment-woocommerce_thumbnail size-woocommerce_thumbnail\" alt=\"linh lang x\u1ecbn h\u00e0ng nh\u1eadp\" srcset=\"https:\/\/tiemhoatuyen.com\/wp-content\/uploads\/2025\/09\/z6968952091376_00f5ea5591bcf6499cb6e35ff0584eba-300x300.jpg 300w, https:\/\/tiemhoatuyen.com\/wp-content\/uploads\/2025\/09\/z6968952091376_00f5ea5591bcf6499cb6e35ff0584eba-150x150.jpg 150w, https:\/\/tiemhoatuyen.com\/wp-content\/uploads\/2025\/09\/z6968952091376_00f5ea5591bcf6499cb6e35ff0584eba-100x100.jpg 100w\" sizes=\"(max-width: 300px) 100vw, 300px\" \/><\/div>\n\t\t\t\t\t<div class=\"wc-block-grid__product-title\">linh lang x\u1ecbn h\u00e0ng nh\u1eadp<\/div>\n\t\t\t\t<\/a>\n\t\t\t\t<div class=\"wc-block-grid__product-price price\"><span class=\"woocommerce-Price-amount amount\"><span class=\"woocommerce-Price-currencySymbol\">&#8363;<\/span>20.000<\/span><\/div>\n\t\t\t\t\n\t\t\t\t<div class=\"wp-block-button wc-block-grid__product-add-to-cart\"><a href=\"\/index.php?rest_route=%2Fwp%2Fv2%2Fpages%2F9&#038;add-to-cart=102\" aria-label=\"Th\u00eam v\u00e0o gi\u1ecf h\u00e0ng: &ldquo;linh lang x\u1ecbn h\u00e0ng nh\u1eadp&rdquo;\" data-quantity=\"1\" data-product_id=\"102\" data-product_sku=\"\" data-price=\"20000\" rel=\"nofollow\" class=\"wp-block-button__link  add_to_cart_button ajax_add_to_cart\">Th\u00eam v\u00e0o gi\u1ecf h\u00e0ng<\/a><\/div>\n\t\t\t<\/li><li class=\"wc-block-grid__product\">\n\t\t\t\t<a href=\"https:\/\/tiemhoatuyen.com\/?product=toa-tim-dai\" class=\"wc-block-grid__product-link\">\n\t\t\t\t\t\n\t\t\t\t\t<div class=\"wc-block-grid__product-image\"><img decoding=\"async\" width=\"300\" height=\"300\" src=\"https:\/\/tiemhoatuyen.com\/wp-content\/uploads\/2025\/09\/z6974883181503_7ce8e7b0743f9c22a45d7899944e231b-300x300.jpg\" class=\"attachment-woocommerce_thumbnail size-woocommerce_thumbnail\" alt=\"T\u00f3a t\u00edm d\u00e0i\" srcset=\"https:\/\/tiemhoatuyen.com\/wp-content\/uploads\/2025\/09\/z6974883181503_7ce8e7b0743f9c22a45d7899944e231b-300x300.jpg 300w, https:\/\/tiemhoatuyen.com\/wp-content\/uploads\/2025\/09\/z6974883181503_7ce8e7b0743f9c22a45d7899944e231b-150x150.jpg 150w, https:\/\/tiemhoatuyen.com\/wp-content\/uploads\/2025\/09\/z6974883181503_7ce8e7b0743f9c22a45d7899944e231b-100x100.jpg 100w\" sizes=\"(max-width: 300px) 100vw, 300px\" \/><\/div>\n\t\t\t\t\t<div class=\"wc-block-grid__product-title\">T\u00f3a t\u00edm d\u00e0i<\/div>\n\t\t\t\t<\/a>\n\t\t\t\t<div class=\"wc-block-grid__product-price price\"><span class=\"woocommerce-Price-amount amount\"><span class=\"woocommerce-Price-currencySymbol\">&#8363;<\/span>12.000<\/span><\/div>\n\t\t\t\t\n\t\t\t\t<div class=\"wp-block-button wc-block-grid__product-add-to-cart\"><a href=\"\/index.php?rest_route=%2Fwp%2Fv2%2Fpages%2F9&#038;add-to-cart=92\" aria-label=\"Th\u00eam v\u00e0o gi\u1ecf h\u00e0ng: &ldquo;T\u00f3a t\u00edm d\u00e0i&rdquo;\" data-quantity=\"1\" data-product_id=\"92\" data-product_sku=\"\" data-price=\"12000\" rel=\"nofollow\" class=\"wp-block-button__link  add_to_cart_button ajax_add_to_cart\">Th\u00eam v\u00e0o gi\u1ecf h\u00e0ng<\/a><\/div>\n\t\t\t<\/li><li class=\"wc-block-grid__product\">\n\t\t\t\t<a href=\"https:\/\/tiemhoatuyen.com\/?product=hoa-kim-phuong\" class=\"wc-block-grid__product-link\">\n\t\t\t\t\t\n\t\t\t\t\t<div class=\"wc-block-grid__product-image\"><img loading=\"lazy\" decoding=\"async\" width=\"300\" height=\"300\" src=\"https:\/\/tiemhoatuyen.com\/wp-content\/uploads\/2025\/09\/z6974884422561_60d90f146dd0e3d0c0cf6f246748664a-300x300.jpg\" class=\"attachment-woocommerce_thumbnail size-woocommerce_thumbnail\" alt=\"Hoa Kim Ph\u01b0\u1ee3ng\" srcset=\"https:\/\/tiemhoatuyen.com\/wp-content\/uploads\/2025\/09\/z6974884422561_60d90f146dd0e3d0c0cf6f246748664a-300x300.jpg 300w, https:\/\/tiemhoatuyen.com\/wp-content\/uploads\/2025\/09\/z6974884422561_60d90f146dd0e3d0c0cf6f246748664a-150x150.jpg 150w, https:\/\/tiemhoatuyen.com\/wp-content\/uploads\/2025\/09\/z6974884422561_60d90f146dd0e3d0c0cf6f246748664a-100x100.jpg 100w\" sizes=\"(max-width: 300px) 100vw, 300px\" \/><\/div>\n\t\t\t\t\t<div class=\"wc-block-grid__product-title\">Hoa Kim Ph\u01b0\u1ee3ng<\/div>\n\t\t\t\t<\/a>\n\t\t\t\t<div class=\"wc-block-grid__product-price price\"><span class=\"woocommerce-Price-amount amount\"><span class=\"woocommerce-Price-currencySymbol\">&#8363;<\/span>16.000<\/span><\/div>\n\t\t\t\t\n\t\t\t\t<div class=\"wp-block-button wc-block-grid__product-add-to-cart\"><a href=\"\/index.php?rest_route=%2Fwp%2Fv2%2Fpages%2F9&#038;add-to-cart=85\" aria-label=\"Th\u00eam v\u00e0o gi\u1ecf h\u00e0ng: &ldquo;Hoa Kim Ph\u01b0\u1ee3ng&rdquo;\" data-quantity=\"1\" data-product_id=\"85\" data-product_sku=\"\" data-price=\"16000\" rel=\"nofollow\" class=\"wp-block-button__link  add_to_cart_button ajax_add_to_cart\">Th\u00eam v\u00e0o gi\u1ecf h\u00e0ng<\/a><\/div>\n\t\t\t<\/li><\/ul><\/div><\/div>\n<\/div>\n","protected":false},"excerpt":{"rendered":"","protected":false},"author":1,"featured_media":0,"parent":0,"menu_order":0,"comment_status":"closed","ping_status":"closed","template":"","meta":{"footnotes":""},"class_list":["post-9","page","type-page","status-publish","hentry"],"_links":{"self":[{"href":"https:\/\/tiemhoatuyen.com\/index.php?rest_route=\/wp\/v2\/pages\/9","targetHints":{"allow":["GET"]}}],"collection":[{"href":"https:\/\/tiemhoatuyen.com\/index.php?rest_route=\/wp\/v2\/pages"}],"about":[{"href":"https:\/\/tiemhoatuyen.com\/index.php?rest_route=\/wp\/v2\/types\/page"}],"author":[{"embeddable":true,"href":"https:\/\/tiemhoatuyen.com\/index.php?rest_route=\/wp\/v2\/users\/1"}],"replies":[{"embeddable":true,"href":"https:\/\/tiemhoatuyen.com\/index.php?rest_route=%2Fwp%2Fv2%2Fcomments&post=9"}],"version-history":[{"count":1,"href":"https:\/\/tiemhoatuyen.com\/index.php?rest_route=\/wp\/v2\/pages\/9\/revisions"}],"predecessor-version":[{"id":61,"href":"https:\/\/tiemhoatuyen.com\/index.php?rest_route=\/wp\/v2\/pages\/9\/revisions\/61"}],"wp:attachment":[{"href":"https:\/\/tiemhoatuyen.com\/index.php?rest_route=%2Fwp%2Fv2%2Fmedia&parent=9"}],"curies":[{"name":"wp","href":"https:\/\/api.w.org\/{rel}","templated":true}]}}