{"id":92,"date":"2025-09-04T12:07:33","date_gmt":"2025-09-04T12:07:33","guid":{"rendered":"https:\/\/tiemhoatuyen.com\/?post_type=product&#038;p=92"},"modified":"2025-09-04T12:07:33","modified_gmt":"2025-09-04T12:07:33","slug":"toa-tim-dai","status":"publish","type":"product","link":"https:\/\/tiemhoatuyen.com\/?product=toa-tim-dai","title":{"rendered":"T\u00f3a t\u00edm d\u00e0i"},"content":{"rendered":"","protected":false},"excerpt":{"rendered":"","protected":false},"featured_media":93,"comment_status":"open","ping_status":"closed","template":"","meta":[],"product_brand":[],"product_cat":[37],"product_tag":[],"class_list":{"0":"post-92","1":"product","2":"type-product","3":"status-publish","4":"has-post-thumbnail","6":"product_cat-toa-tim","8":"first","9":"instock","10":"shipping-taxable","11":"purchasable","12":"product-type-simple"},"_links":{"self":[{"href":"https:\/\/tiemhoatuyen.com\/index.php?rest_route=\/wp\/v2\/product\/92","targetHints":{"allow":["GET"]}}],"collection":[{"href":"https:\/\/tiemhoatuyen.com\/index.php?rest_route=\/wp\/v2\/product"}],"about":[{"href":"https:\/\/tiemhoatuyen.com\/index.php?rest_route=\/wp\/v2\/types\/product"}],"replies":[{"embeddable":true,"href":"https:\/\/tiemhoatuyen.com\/index.php?rest_route=%2Fwp%2Fv2%2Fcomments&post=92"}],"wp:featuredmedia":[{"embeddable":true,"href":"https:\/\/tiemhoatuyen.com\/index.php?rest_route=\/wp\/v2\/media\/93"}],"wp:attachment":[{"href":"https:\/\/tiemhoatuyen.com\/index.php?rest_route=%2Fwp%2Fv2%2Fmedia&parent=92"}],"wp:term":[{"taxonomy":"product_brand","embeddable":true,"href":"https:\/\/tiemhoatuyen.com\/index.php?rest_route=%2Fwp%2Fv2%2Fproduct_brand&post=92"},{"taxonomy":"product_cat","embeddable":true,"href":"https:\/\/tiemhoatuyen.com\/index.php?rest_route=%2Fwp%2Fv2%2Fproduct_cat&post=92"},{"taxonomy":"product_tag","embeddable":true,"href":"https:\/\/tiemhoatuyen.com\/index.php?rest_route=%2Fwp%2Fv2%2Fproduct_tag&post=92"}],"curies":[{"name":"wp","href":"https:\/\/api.w.org\/{rel}","templated":true}]}}